{"id":98,"date":"2020-01-11T18:15:37","date_gmt":"2020-01-11T18:15:37","guid":{"rendered":"https:\/\/venturasmart.com\/mejiaesquives\/?page_id=98"},"modified":"2020-01-11T18:28:29","modified_gmt":"2020-01-11T18:28:29","slug":"auditoria","status":"publish","type":"page","link":"https:\/\/venturasmart.com\/mejiaesquives\/auditoria\/","title":{"rendered":"Auditor\u00eda"},"content":{"rendered":"<p>[et_pb_section fb_built=\u00bb1&#8243; fullwidth=\u00bbon\u00bb _builder_version=\u00bb3.18.9&#8243;][et_pb_fullwidth_image src=\u00bbhttps:\/\/venturasmart.com\/mejiaesquives\/wp-content\/uploads\/2020\/01\/servicios_1000x400_slogan.png\u00bb _builder_version=\u00bb3.18.9&#8243;][\/et_pb_fullwidth_image][\/et_pb_section][et_pb_section fb_built=\u00bb1&#8243; _builder_version=\u00bb3.18.9&#8243;][et_pb_row _builder_version=\u00bb3.18.9&#8243;][et_pb_column type=\u00bb1_2&#8243; _builder_version=\u00bb3.18.9&#8243; parallax=\u00bboff\u00bb parallax_method=\u00bbon\u00bb][et_pb_text _builder_version=\u00bb3.18.9&#8243; text_font=\u00bb|600|||||||\u00bb text_text_color=\u00bb#000000&#8243; text_font_size=\u00bb16px\u00bb]<\/p>\n<h2 style=\"text-align: justify;\"><strong>Consultoria<\/strong><\/h2>\n<p style=\"text-align: justify;\">\n<p style=\"text-align: justify;\">Brindamos servicios de auditor\u00eda financiera, con el objetivo de emitir una opini\u00f3n sobre la razonabilidad de los estados financieros, de acuerdo con las Normas Internacionales de Informaci\u00f3n Financiera (NIIF) y Normas Internacionales de Informaci\u00f3n Financiera para Peque\u00f1as y Medianas Empresas (NIIF Pymes). Este servicio es realizado con eficiencia y eficacia que garantiza la calidad de nuestra labor.<\/p>\n<p style=\"text-align: justify;\">Tambi\u00e9n brindamos servicios de auditor\u00eda de gesti\u00f3n que permite evaluar la eficacia en el logro de las metas propuestas y la eficiencia del uso de los recursos de las empresas; que nos permita emitir un informe que ayude a la mejora de la gesti\u00f3n de la empresa.<\/p>\n<p style=\"text-align: justify;\">Brindamos servicios de ex\u00e1menes especiales sobre las distintas \u00e1reas y ciclos operativos de la empresa, con la finalidad de poder revisar y evaluar los procesos que requieran mejoras, referidas a los rubros de los estados financieros y de esta manera poder emitir un informe que permita sincerar la informaci\u00f3n que muestran los estados financieros.<\/p>\n<p style=\"text-align: justify;\">\n[\/et_pb_text][\/et_pb_column][et_pb_column type=\u00bb1_2&#8243; _builder_version=\u00bb3.18.9&#8243; parallax=\u00bboff\u00bb parallax_method=\u00bbon\u00bb][et_pb_image src=\u00bbhttps:\/\/venturasmart.com\/mejiaesquives\/wp-content\/uploads\/2020\/01\/auditoria_450.png\u00bb _builder_version=\u00bb3.18.9&#8243;][\/et_pb_image][\/et_pb_column][\/et_pb_row][\/et_pb_section]<\/p>\n","protected":false},"excerpt":{"rendered":"<p>[et_pb_section fb_built=\u00bb1&#8243; fullwidth=\u00bbon\u00bb _builder_version=\u00bb3.18.9&#8243;][et_pb_fullwidth_image src=\u00bbhttps:\/\/venturasmart.com\/mejiaesquives\/wp-content\/uploads\/2020\/01\/servicios_1000x400_slogan.png\u00bb _builder_version=\u00bb3.18.9&#8243;][\/et_pb_fullwidth_image][\/et_pb_section][et_pb_section fb_built=\u00bb1&#8243; _builder_version=\u00bb3.18.9&#8243;][et_pb_row _builder_version=\u00bb3.18.9&#8243;][et_pb_column type=\u00bb1_2&#8243; _builder_version=\u00bb3.18.9&#8243; parallax=\u00bboff\u00bb parallax_method=\u00bbon\u00bb][et_pb_text _builder_version=\u00bb3.18.9&#8243; text_font=\u00bb|600|||||||\u00bb text_text_color=\u00bb#000000&#8243; text_font_size=\u00bb16px\u00bb] Consultoria Brindamos servicios de auditor\u00eda financiera, con el objetivo de emitir una opini\u00f3n sobre la razonabilidad de los estados financieros, de acuerdo con las Normas Internacionales de Informaci\u00f3n Financiera (NIIF) y Normas Internacionales de Informaci\u00f3n Financiera para Peque\u00f1as [&hellip;]<\/p>\n","protected":false},"author":1,"featured_media":0,"parent":0,"menu_order":0,"comment_status":"closed","ping_status":"closed","template":"","meta":{"_et_pb_use_builder":"on","_et_pb_old_content":"","footnotes":""},"class_list":["post-98","page","type-page","status-publish","hentry"],"_links":{"self":[{"href":"https:\/\/venturasmart.com\/mejiaesquives\/wp-json\/wp\/v2\/pages\/98","targetHints":{"allow":["GET"]}}],"collection":[{"href":"https:\/\/venturasmart.com\/mejiaesquives\/wp-json\/wp\/v2\/pages"}],"about":[{"href":"https:\/\/venturasmart.com\/mejiaesquives\/wp-json\/wp\/v2\/types\/page"}],"author":[{"embeddable":true,"href":"https:\/\/venturasmart.com\/mejiaesquives\/wp-json\/wp\/v2\/users\/1"}],"replies":[{"embeddable":true,"href":"https:\/\/venturasmart.com\/mejiaesquives\/wp-json\/wp\/v2\/comments?post=98"}],"version-history":[{"count":4,"href":"https:\/\/venturasmart.com\/mejiaesquives\/wp-json\/wp\/v2\/pages\/98\/revisions"}],"predecessor-version":[{"id":118,"href":"https:\/\/venturasmart.com\/mejiaesquives\/wp-json\/wp\/v2\/pages\/98\/revisions\/118"}],"wp:attachment":[{"href":"https:\/\/venturasmart.com\/mejiaesquives\/wp-json\/wp\/v2\/media?parent=98"}],"curies":[{"name":"wp","href":"https:\/\/api.w.org\/{rel}","templated":true}]}}