{"id":9,"date":"2020-01-10T18:57:42","date_gmt":"2020-01-10T18:57:42","guid":{"rendered":"https:\/\/venturasmart.com\/mejiaesquives\/?page_id=9"},"modified":"2020-01-17T15:58:26","modified_gmt":"2020-01-17T15:58:26","slug":"inicio","status":"publish","type":"page","link":"https:\/\/venturasmart.com\/mejiaesquives\/","title":{"rendered":"Inicio"},"content":{"rendered":"<p>[et_pb_section fb_built=\u00bb1&#8243; fullwidth=\u00bbon\u00bb _builder_version=\u00bb3.18.9&#8243;][et_pb_fullwidth_slider show_pagination=\u00bboff\u00bb _builder_version=\u00bb3.18.9&#8243; custom_padding=\u00bb||400px\u00bb][et_pb_slide _builder_version=\u00bb3.18.9&#8243; background_image=\u00bbhttps:\/\/venturasmart.com\/mejiaesquives\/wp-content\/uploads\/2020\/01\/inicio_1000x400_slogan.png\u00bb][\/et_pb_slide][et_pb_slide _builder_version=\u00bb3.18.9&#8243; background_image=\u00bbhttps:\/\/venturasmart.com\/mejiaesquives\/wp-content\/uploads\/2020\/01\/servicios_1000x400_slogan.png\u00bb][\/et_pb_slide][et_pb_slide _builder_version=\u00bb3.18.9&#8243; background_image=\u00bbhttps:\/\/venturasmart.com\/mejiaesquives\/wp-content\/uploads\/2020\/01\/clientes_1000x400_slogan.png\u00bb][\/et_pb_slide][\/et_pb_fullwidth_slider][\/et_pb_section][et_pb_section fb_built=\u00bb1&#8243; _builder_version=\u00bb3.18.9&#8243;][et_pb_row custom_padding=\u00bb|20px||20px\u00bb custom_margin=\u00bb-103px|||\u00bb _builder_version=\u00bb3.18.9&#8243; background_color=\u00bb#FDE9D9&#8243; box_shadow_style=\u00bbpreset4&#8243;][et_pb_column type=\u00bb4_4&#8243; _builder_version=\u00bb3.18.9&#8243; parallax=\u00bboff\u00bb parallax_method=\u00bbon\u00bb][et_pb_text _builder_version=\u00bb3.18.9&#8243; text_font=\u00bb|800|||||||\u00bb text_text_color=\u00bb#000000&#8243; text_font_size=\u00bb19px\u00bb]<\/p>\n<p style=\"text-align: justify;\"><span>Mej\u00eda Esquives y Asociados, somos una Sociedad de Auditor\u00eda y Consultor\u00eda con 39 a\u00f1os de experiencia, constituida en la ciudad de Trujillo, en el a\u00f1o 1981, brindando nuestros servicios en el pa\u00eds.<\/span><\/p>\n<p>[\/et_pb_text][\/et_pb_column][\/et_pb_row][\/et_pb_section][et_pb_section fb_built=\u00bb1&#8243; _builder_version=\u00bb3.18.9&#8243; background_color=\u00bb#ffffff\u00bb custom_margin=\u00bb||-150px\u00bb][et_pb_row custom_margin=\u00bb-61px||\u00bb padding_right_2=\u00bb0px\u00bb padding_left_1=\u00bb0px\u00bb padding_left_2=\u00bb0px\u00bb padding_left_3=\u00bb0px\u00bb _builder_version=\u00bb3.18.9&#8243;][et_pb_column type=\u00bb1_3&#8243; _builder_version=\u00bb3.18.9&#8243; padding_left=\u00bb0px\u00bb parallax=\u00bboff\u00bb parallax_method=\u00bbon\u00bb][et_pb_blurb title=\u00bbAuditor\u00cda\u00bb url=\u00bbhttps:\/\/venturasmart.com\/mejiaesquives\/auditoria\/\u00bb image=\u00bbhttps:\/\/venturasmart.com\/mejiaesquives\/wp-content\/uploads\/2020\/01\/auditoria_450.png\u00bb content_max_width=\u00bb600px\u00bb _builder_version=\u00bb3.18.9&#8243; header_level=\u00bbh3&#8243; header_font=\u00bb|800|||||||\u00bb header_text_align=\u00bbcenter\u00bb body_font=\u00bb||||||||\u00bb body_line_height=\u00bb1.5em\u00bb border_width_all=\u00bb2px\u00bb border_color_all=\u00bb#00224C\u00bb border_width_bottom=\u00bb8px\u00bb custom_margin=\u00bb|0px||\u00bb custom_padding=\u00bb10px|10px|10px|10px\u00bb]<\/p>\n<p style=\"text-align: justify;\">Brindamos servicios de auditor\u00eda financiera, con el objetivo de emitir una opini\u00f3n sobre la razonabilidad de los estados financieros, de acuerdo con las Normas Internacionales de Informaci\u00f3n Financiera (NIIF) y Normas Internacionales de Informaci\u00f3n Financiera para Peque\u00f1as y Medianas Empresas (NIIF Pymes). Este servicio es realizado con eficiencia y eficacia que garantiza la calidad de nuestra labor.<\/p>\n<p>[\/et_pb_blurb][\/et_pb_column][et_pb_column type=\u00bb1_3&#8243; _builder_version=\u00bb3.18.9&#8243; padding_left=\u00bb0px\u00bb padding_right=\u00bb0px\u00bb parallax=\u00bboff\u00bb parallax_method=\u00bbon\u00bb][et_pb_blurb title=\u00bbConsultor\u00cda\u00bb url=\u00bbhttps:\/\/venturasmart.com\/mejiaesquives\/consultoria\/\u00bb image=\u00bbhttps:\/\/venturasmart.com\/mejiaesquives\/wp-content\/uploads\/2020\/01\/Consultoria_2.jpg\u00bb content_max_width=\u00bb600px\u00bb _builder_version=\u00bb3.18.9&#8243; header_level=\u00bbh3&#8243; header_font=\u00bb|800|||||||\u00bb header_text_align=\u00bbcenter\u00bb body_font=\u00bb||||||||\u00bb body_line_height=\u00bb1.5em\u00bb border_width_all=\u00bb2px\u00bb border_color_all=\u00bb#00224C\u00bb border_width_bottom=\u00bb8px\u00bb custom_margin=\u00bb0px|0px|0px|0px\u00bb custom_padding=\u00bb10px|10px|10px|10px\u00bb]<\/p>\n<p style=\"text-align: justify;\"><span>A trav\u00e9s de un equipo multidisciplinario de profesionales formados en diferentes especialidades con conocimientos aplicables a los negocios y la experiencia obtenida en diversos proyectos de consultor\u00eda realizados a diferentes empresas, nos permite brindar un servicio de calidad.<\/span><\/p>\n<p style=\"text-align: justify;\"><span>Ayudamos a prever los cambios econ\u00f3micos y sociales que puedan afectar a nuestros clientes,<\/span><\/p>\n<p>[\/et_pb_blurb][\/et_pb_column][et_pb_column type=\u00bb1_3&#8243; _builder_version=\u00bb3.18.9&#8243; padding_left=\u00bb0px\u00bb parallax=\u00bboff\u00bb parallax_method=\u00bbon\u00bb][et_pb_blurb title=\u00bbAsesor\u00eda\u00bb url=\u00bbhttps:\/\/venturasmart.com\/mejiaesquives\/asesoria\/\u00bb image=\u00bbhttps:\/\/venturasmart.com\/mejiaesquives\/wp-content\/uploads\/2020\/01\/asesoria_450.png\u00bb content_max_width=\u00bb600px\u00bb _builder_version=\u00bb3.18.9&#8243; header_level=\u00bbh3&#8243; header_font=\u00bb|800|||||||\u00bb header_text_align=\u00bbcenter\u00bb body_font=\u00bb||||||||\u00bb body_line_height=\u00bb1.5em\u00bb border_width_all=\u00bb2px\u00bb border_color_all=\u00bb#00224C\u00bb border_width_bottom=\u00bb8px\u00bb custom_margin=\u00bb0px|0px|0px|0px\u00bb custom_padding=\u00bb10px|10px|10px|10px\u00bb]<\/p>\n<p style=\"text-align: justify;\">Este servicio se lleva a cabo mediante el trabajo de nuestros profesionales que conforman un equipo multidisciplinario, para ayudar a solucionar las diferentes situaciones econ\u00f3micas y financieras vinculadas a la actividad de la empresa.<\/p>\n<p style=\"text-align: justify;\">La asesor\u00eda est\u00e1 orientada a brindar asistencia profesional eventual y\/o permanente,<\/p>\n<p style=\"text-align: justify;\">[\/et_pb_blurb][\/et_pb_column][\/et_pb_row][\/et_pb_section][et_pb_section fb_built=\u00bb1&#8243; _builder_version=\u00bb3.18.9&#8243;][et_pb_row _builder_version=\u00bb3.18.9&#8243;][et_pb_column type=\u00bb4_4&#8243; _builder_version=\u00bb3.18.9&#8243; parallax=\u00bboff\u00bb parallax_method=\u00bbon\u00bb][et_pb_text _builder_version=\u00bb3.18.9&#8243; text_font=\u00bb|800|||||||\u00bb text_text_color=\u00bb#ffffff\u00bb text_font_size=\u00bb28px\u00bb text_line_height=\u00bb2.2em\u00bb ul_font=\u00bb||||||||\u00bb background_color=\u00bb#00224C\u00bb text_orientation=\u00bbcenter\u00bb custom_margin=\u00bb20px||\u00bb]<\/p>\n<p>Enlaces de Inter\u00e9s<\/p>\n<p>[\/et_pb_text][\/et_pb_column][\/et_pb_row][\/et_pb_section][et_pb_section fb_built=\u00bb1&#8243; _builder_version=\u00bb3.18.9&#8243;][et_pb_row custom_margin=\u00bb-82px||0px|\u00bb _builder_version=\u00bb3.18.9&#8243;][et_pb_column type=\u00bb4_4&#8243; _builder_version=\u00bb3.18.9&#8243; parallax=\u00bboff\u00bb parallax_method=\u00bbon\u00bb][et_pb_text _builder_version=\u00bb3.18.9&#8243;]<\/p>\n<p><a href=\"http:\/\/www.sunat.gob.pe\/\" target=\"_blank\" rel=\"noopener noreferrer\">\u00a0<img loading=\"lazy\" decoding=\"async\" src=\"https:\/\/venturasmart.com\/mejiaesquives\/wp-content\/uploads\/2020\/01\/SUNAT.png\" width=\"117\" height=\"32\" alt=\"\" class=\"wp-image-46 alignnone size-full\" \/>\u00a0<\/a>\u00a0<a href=\"http:\/\/www.contadores-aic.org\/\" target=\"_blank\" rel=\"noopener noreferrer\"><img loading=\"lazy\" decoding=\"async\" src=\"https:\/\/venturasmart.com\/mejiaesquives\/wp-content\/uploads\/2020\/01\/aiclogo-1.png\" width=\"100\" height=\"75\" alt=\"\" class=\"wp-image-44 alignnone size-full\" \/>\u00a0<\/a>\u00a0\u00a0<a href=\"http:\/\/www.contraloria.gob.pe\/wps\/wcm\/connect\/cgrnew\/as_contraloria\/as_portal\" target=\"_blank\" rel=\"noopener noreferrer\"><img loading=\"lazy\" decoding=\"async\" src=\"https:\/\/venturasmart.com\/mejiaesquives\/wp-content\/uploads\/2020\/01\/contraloria-300x55.png\" width=\"142\" height=\"26\" alt=\"\" class=\"wp-image-49 alignnone size-medium\" srcset=\"https:\/\/venturasmart.com\/mejiaesquives\/wp-content\/uploads\/2020\/01\/contraloria-300x55.png 300w, https:\/\/venturasmart.com\/mejiaesquives\/wp-content\/uploads\/2020\/01\/contraloria.png 325w\" sizes=\"auto, (max-width: 142px) 100vw, 142px\" \/><\/a>\u00a0<a href=\"http:\/\/www.elperuano.pe\/\" target=\"_blank\" rel=\"noopener noreferrer\">\u00a0<img loading=\"lazy\" decoding=\"async\" src=\"https:\/\/venturasmart.com\/mejiaesquives\/wp-content\/uploads\/2020\/01\/elperuano-300x78.png\" width=\"162\" height=\"42\" alt=\"\" class=\"wp-image-50 alignnone size-medium\" srcset=\"https:\/\/venturasmart.com\/mejiaesquives\/wp-content\/uploads\/2020\/01\/elperuano-300x78.png 300w, https:\/\/venturasmart.com\/mejiaesquives\/wp-content\/uploads\/2020\/01\/elperuano.png 500w\" sizes=\"auto, (max-width: 162px) 100vw, 162px\" \/>\u00a0<\/a>\u00a0 <a href=\"https:\/\/www.ifrs.org\/\" target=\"_blank\" rel=\"noopener noreferrer\"><img loading=\"lazy\" decoding=\"async\" src=\"https:\/\/venturasmart.com\/mejiaesquives\/wp-content\/uploads\/2020\/01\/ifrs.png\" width=\"133\" height=\"32\" alt=\"\" class=\"wp-image-45 alignnone size-full\" \/>\u00a0<\/a>\u00a0 <a href=\"http:\/\/www.smv.gob.pe\/\" target=\"_blank\" rel=\"noopener noreferrer\"><img loading=\"lazy\" decoding=\"async\" src=\"https:\/\/venturasmart.com\/mejiaesquives\/wp-content\/uploads\/2020\/01\/conasev-1.png\" width=\"97\" height=\"53\" alt=\"\" class=\"wp-image-42 alignnone size-full\" \/><\/a>\u00a0 \u00a0<a href=\"http:\/\/www.sbs.gob.pe\/\" target=\"_blank\" rel=\"noopener noreferrer\"><img loading=\"lazy\" decoding=\"async\" src=\"https:\/\/venturasmart.com\/mejiaesquives\/wp-content\/uploads\/2020\/01\/SBS.png\" width=\"118\" height=\"61\" alt=\"\" class=\"wp-image-43 alignnone size-full\" \/>\u00a0<\/a>\u00a0\u00a0<a href=\"https:\/\/www.ifac.org\/\" target=\"_blank\" rel=\"noopener noreferrer\"><img loading=\"lazy\" decoding=\"async\" src=\"https:\/\/venturasmart.com\/mejiaesquives\/wp-content\/uploads\/2020\/01\/ifac.png\" width=\"89\" height=\"54\" alt=\"\" class=\"wp-image-41 alignnone size-full\" \/><\/a><\/p>\n<p>[\/et_pb_text][\/et_pb_column][\/et_pb_row][\/et_pb_section]<\/p>\n","protected":false},"excerpt":{"rendered":"<p>[et_pb_section fb_built=\u00bb1&#8243; fullwidth=\u00bbon\u00bb _builder_version=\u00bb3.18.9&#8243;][et_pb_fullwidth_slider show_pagination=\u00bboff\u00bb _builder_version=\u00bb3.18.9&#8243; custom_padding=\u00bb||400px\u00bb][et_pb_slide _builder_version=\u00bb3.18.9&#8243; background_image=\u00bbhttps:\/\/venturasmart.com\/mejiaesquives\/wp-content\/uploads\/2020\/01\/inicio_1000x400_slogan.png\u00bb][\/et_pb_slide][et_pb_slide _builder_version=\u00bb3.18.9&#8243; background_image=\u00bbhttps:\/\/venturasmart.com\/mejiaesquives\/wp-content\/uploads\/2020\/01\/servicios_1000x400_slogan.png\u00bb][\/et_pb_slide][et_pb_slide _builder_version=\u00bb3.18.9&#8243; background_image=\u00bbhttps:\/\/venturasmart.com\/mejiaesquives\/wp-content\/uploads\/2020\/01\/clientes_1000x400_slogan.png\u00bb][\/et_pb_slide][\/et_pb_fullwidth_slider][\/et_pb_section][et_pb_section fb_built=\u00bb1&#8243; _builder_version=\u00bb3.18.9&#8243;][et_pb_row custom_padding=\u00bb|20px||20px\u00bb custom_margin=\u00bb-103px|||\u00bb _builder_version=\u00bb3.18.9&#8243; background_color=\u00bb#FDE9D9&#8243; box_shadow_style=\u00bbpreset4&#8243;][et_pb_column type=\u00bb4_4&#8243; _builder_version=\u00bb3.18.9&#8243; parallax=\u00bboff\u00bb parallax_method=\u00bbon\u00bb][et_pb_text _builder_version=\u00bb3.18.9&#8243; text_font=\u00bb|800|||||||\u00bb text_text_color=\u00bb#000000&#8243; text_font_size=\u00bb19px\u00bb] Mej\u00eda Esquives y Asociados, somos una Sociedad de Auditor\u00eda y Consultor\u00eda con 39 a\u00f1os de experiencia, constituida en la ciudad de Trujillo, en el a\u00f1o 1981, brindando [&hellip;]<\/p>\n","protected":false},"author":1,"featured_media":0,"parent":0,"menu_order":0,"comment_status":"closed","ping_status":"closed","template":"","meta":{"_et_pb_use_builder":"on","_et_pb_old_content":"","footnotes":""},"class_list":["post-9","page","type-page","status-publish","hentry"],"_links":{"self":[{"href":"https:\/\/venturasmart.com\/mejiaesquives\/wp-json\/wp\/v2\/pages\/9","targetHints":{"allow":["GET"]}}],"collection":[{"href":"https:\/\/venturasmart.com\/mejiaesquives\/wp-json\/wp\/v2\/pages"}],"about":[{"href":"https:\/\/venturasmart.com\/mejiaesquives\/wp-json\/wp\/v2\/types\/page"}],"author":[{"embeddable":true,"href":"https:\/\/venturasmart.com\/mejiaesquives\/wp-json\/wp\/v2\/users\/1"}],"replies":[{"embeddable":true,"href":"https:\/\/venturasmart.com\/mejiaesquives\/wp-json\/wp\/v2\/comments?post=9"}],"version-history":[{"count":55,"href":"https:\/\/venturasmart.com\/mejiaesquives\/wp-json\/wp\/v2\/pages\/9\/revisions"}],"predecessor-version":[{"id":291,"href":"https:\/\/venturasmart.com\/mejiaesquives\/wp-json\/wp\/v2\/pages\/9\/revisions\/291"}],"wp:attachment":[{"href":"https:\/\/venturasmart.com\/mejiaesquives\/wp-json\/wp\/v2\/media?parent=9"}],"curies":[{"name":"wp","href":"https:\/\/api.w.org\/{rel}","templated":true}]}}