{"id":81,"date":"2020-01-11T17:57:50","date_gmt":"2020-01-11T17:57:50","guid":{"rendered":"https:\/\/venturasmart.com\/mejiaesquives\/?page_id=81"},"modified":"2020-01-11T19:19:55","modified_gmt":"2020-01-11T19:19:55","slug":"clientes","status":"publish","type":"page","link":"https:\/\/venturasmart.com\/mejiaesquives\/clientes\/","title":{"rendered":"Clientes"},"content":{"rendered":"<p>[et_pb_section fb_built=\u00bb1&#8243; fullwidth=\u00bbon\u00bb _builder_version=\u00bb3.18.9&#8243;][et_pb_fullwidth_image src=\u00bbhttps:\/\/venturasmart.com\/mejiaesquives\/wp-content\/uploads\/2020\/01\/clientes_1000x400.png\u00bb _builder_version=\u00bb3.18.9&#8243;][\/et_pb_fullwidth_image][\/et_pb_section][et_pb_section fb_built=\u00bb1&#8243; _builder_version=\u00bb3.18.9&#8243;][et_pb_row _builder_version=\u00bb3.18.9&#8243;][et_pb_column type=\u00bb1_3&#8243; _builder_version=\u00bb3.18.9&#8243; parallax=\u00bboff\u00bb parallax_method=\u00bbon\u00bb][et_pb_text text_font_size=\u00bb16px\u00bb _builder_version=\u00bb3.18.9&#8243; text_font=\u00bb|600|||||||\u00bb]<\/p>\n<p style=\"text-align: justify;\">Nuestra cartera de clientes est\u00e1 compuesta por empresas de todas las actividades econ\u00f3micas en el sector privado y en instituciones de car\u00e1cter no lucrativo.<\/p>\n<p style=\"text-align: justify;\">Sector Financiero, Agroindustrial, Comercio, Servicios, e instituciones sin fines de lucro.<\/p>\n<p>[\/et_pb_text][\/et_pb_column][et_pb_column type=\u00bb1_3&#8243; _builder_version=\u00bb3.18.9&#8243; parallax=\u00bboff\u00bb parallax_method=\u00bbon\u00bb][et_pb_image force_fullwidth=\u00bbon\u00bb src=\u00bbhttps:\/\/venturasmart.com\/mejiaesquives\/wp-content\/uploads\/2020\/01\/clientes04_250x150.png\u00bb _builder_version=\u00bb3.18.9&#8243;][\/et_pb_image][\/et_pb_column][et_pb_column type=\u00bb1_3&#8243; _builder_version=\u00bb3.18.9&#8243; parallax=\u00bboff\u00bb parallax_method=\u00bbon\u00bb][et_pb_image force_fullwidth=\u00bbon\u00bb src=\u00bbhttps:\/\/venturasmart.com\/mejiaesquives\/wp-content\/uploads\/2020\/01\/clientes02_250x150.png\u00bb _builder_version=\u00bb3.18.9&#8243;][\/et_pb_image][\/et_pb_column][\/et_pb_row][et_pb_row _builder_version=\u00bb3.18.9&#8243;][et_pb_column type=\u00bb1_3&#8243; _builder_version=\u00bb3.18.9&#8243; parallax=\u00bboff\u00bb parallax_method=\u00bbon\u00bb][et_pb_image force_fullwidth=\u00bbon\u00bb src=\u00bbhttps:\/\/venturasmart.com\/mejiaesquives\/wp-content\/uploads\/2020\/01\/clientes01_250x150.png\u00bb _builder_version=\u00bb3.18.9&#8243;][\/et_pb_image][\/et_pb_column][et_pb_column type=\u00bb1_3&#8243; _builder_version=\u00bb3.18.9&#8243; parallax=\u00bboff\u00bb parallax_method=\u00bbon\u00bb][et_pb_image force_fullwidth=\u00bbon\u00bb src=\u00bbhttps:\/\/venturasmart.com\/mejiaesquives\/wp-content\/uploads\/2020\/01\/clientes05_250x150.png\u00bb _builder_version=\u00bb3.18.9&#8243;][\/et_pb_image][\/et_pb_column][et_pb_column type=\u00bb1_3&#8243; _builder_version=\u00bb3.18.9&#8243; parallax=\u00bboff\u00bb parallax_method=\u00bbon\u00bb][et_pb_image force_fullwidth=\u00bbon\u00bb src=\u00bbhttps:\/\/venturasmart.com\/mejiaesquives\/wp-content\/uploads\/2020\/01\/clientes03_250x150.png\u00bb _builder_version=\u00bb3.18.9&#8243;][\/et_pb_image][\/et_pb_column][\/et_pb_row][\/et_pb_section]<\/p>\n","protected":false},"excerpt":{"rendered":"<p>[et_pb_section fb_built=\u00bb1&#8243; fullwidth=\u00bbon\u00bb _builder_version=\u00bb3.18.9&#8243;][et_pb_fullwidth_image src=\u00bbhttps:\/\/venturasmart.com\/mejiaesquives\/wp-content\/uploads\/2020\/01\/clientes_1000x400.png\u00bb _builder_version=\u00bb3.18.9&#8243;][\/et_pb_fullwidth_image][\/et_pb_section][et_pb_section fb_built=\u00bb1&#8243; _builder_version=\u00bb3.18.9&#8243;][et_pb_row _builder_version=\u00bb3.18.9&#8243;][et_pb_column type=\u00bb1_3&#8243; _builder_version=\u00bb3.18.9&#8243; parallax=\u00bboff\u00bb parallax_method=\u00bbon\u00bb][et_pb_text text_font_size=\u00bb16px\u00bb _builder_version=\u00bb3.18.9&#8243; text_font=\u00bb|600|||||||\u00bb] Nuestra cartera de clientes est\u00e1 compuesta por empresas de todas las actividades econ\u00f3micas en el sector privado y en instituciones de car\u00e1cter no lucrativo. Sector Financiero, Agroindustrial, Comercio, Servicios, e instituciones sin fines de lucro. [\/et_pb_text][\/et_pb_column][et_pb_column type=\u00bb1_3&#8243; _builder_version=\u00bb3.18.9&#8243; parallax=\u00bboff\u00bb [&hellip;]<\/p>\n","protected":false},"author":1,"featured_media":0,"parent":0,"menu_order":0,"comment_status":"closed","ping_status":"closed","template":"","meta":{"_et_pb_use_builder":"on","_et_pb_old_content":"","footnotes":""},"class_list":["post-81","page","type-page","status-publish","hentry"],"_links":{"self":[{"href":"https:\/\/venturasmart.com\/mejiaesquives\/wp-json\/wp\/v2\/pages\/81","targetHints":{"allow":["GET"]}}],"collection":[{"href":"https:\/\/venturasmart.com\/mejiaesquives\/wp-json\/wp\/v2\/pages"}],"about":[{"href":"https:\/\/venturasmart.com\/mejiaesquives\/wp-json\/wp\/v2\/types\/page"}],"author":[{"embeddable":true,"href":"https:\/\/venturasmart.com\/mejiaesquives\/wp-json\/wp\/v2\/users\/1"}],"replies":[{"embeddable":true,"href":"https:\/\/venturasmart.com\/mejiaesquives\/wp-json\/wp\/v2\/comments?post=81"}],"version-history":[{"count":3,"href":"https:\/\/venturasmart.com\/mejiaesquives\/wp-json\/wp\/v2\/pages\/81\/revisions"}],"predecessor-version":[{"id":150,"href":"https:\/\/venturasmart.com\/mejiaesquives\/wp-json\/wp\/v2\/pages\/81\/revisions\/150"}],"wp:attachment":[{"href":"https:\/\/venturasmart.com\/mejiaesquives\/wp-json\/wp\/v2\/media?parent=81"}],"curies":[{"name":"wp","href":"https:\/\/api.w.org\/{rel}","templated":true}]}}