{"id":79,"date":"2020-01-11T17:57:26","date_gmt":"2020-01-11T17:57:26","guid":{"rendered":"https:\/\/venturasmart.com\/mejiaesquives\/?page_id=79"},"modified":"2020-01-11T18:15:13","modified_gmt":"2020-01-11T18:15:13","slug":"servicios","status":"publish","type":"page","link":"https:\/\/venturasmart.com\/mejiaesquives\/servicios\/","title":{"rendered":"Servicios"},"content":{"rendered":"<p>[et_pb_section fb_built=\u00bb1&#8243; fullwidth=\u00bbon\u00bb _builder_version=\u00bb3.18.9&#8243;][et_pb_fullwidth_image src=\u00bbhttps:\/\/venturasmart.com\/mejiaesquives\/wp-content\/uploads\/2020\/01\/servicios_1000x400_slogan.png\u00bb _builder_version=\u00bb3.18.9&#8243;][\/et_pb_fullwidth_image][\/et_pb_section][et_pb_section fb_built=\u00bb1&#8243; _builder_version=\u00bb3.18.9&#8243;][et_pb_row _builder_version=\u00bb3.18.9&#8243;][et_pb_column type=\u00bb1_3&#8243; _builder_version=\u00bb3.18.9&#8243; parallax=\u00bboff\u00bb parallax_method=\u00bbon\u00bb][et_pb_text _builder_version=\u00bb3.18.9&#8243;]<\/p>\n<h2><strong>Auditor\u00eda<\/strong><\/h2>\n<ul>\n<li>Auditor\u00eda Financiera<\/li>\n<li>Auditor\u00eda de Gesti\u00f3n<\/li>\n<li>Ex\u00e1menes especiales<\/li>\n<\/ul>\n<p>[\/et_pb_text][\/et_pb_column][et_pb_column type=\u00bb1_3&#8243; _builder_version=\u00bb3.18.9&#8243; parallax=\u00bboff\u00bb parallax_method=\u00bbon\u00bb][et_pb_text _builder_version=\u00bb3.18.9&#8243;]<\/p>\n<h2><strong>Consultor\u00eda<\/strong><\/h2>\n<ul>\n<li>Estrategia de financiamiento de corto, mediano y largo plazo<\/li>\n<li>Estudios de costos y estrategias de reducci\u00f3n de costos<\/li>\n<li>Valoraci\u00f3n de empresas<\/li>\n<li>Estrategia y operaciones<\/li>\n<li>Consultor\u00eda contable<\/li>\n<li>Dise\u00f1o de controles internos<\/li>\n<li>Due Diligence<\/li>\n<\/ul>\n<p>[\/et_pb_text][\/et_pb_column][et_pb_column type=\u00bb1_3&#8243; _builder_version=\u00bb3.18.9&#8243; parallax=\u00bboff\u00bb parallax_method=\u00bbon\u00bb][et_pb_text _builder_version=\u00bb3.18.9&#8243;]<\/p>\n<h2><strong>Asesor\u00eda<\/strong><\/h2>\n<ul>\n<li>\u00a0Pol\u00edticas de Inversiones<\/li>\n<li>Pol\u00edticas de Inventarios<\/li>\n<li>Pol\u00edticas de Cr\u00e9ditos y Cobranzas<\/li>\n<li>Asesor\u00eda tributaria<\/li>\n<li>Planeamiento Tributario<\/li>\n<li>Precios de transferencia<\/li>\n<\/ul>\n<p>[\/et_pb_text][\/et_pb_column][\/et_pb_row][\/et_pb_section]<\/p>\n","protected":false},"excerpt":{"rendered":"<p>[et_pb_section fb_built=\u00bb1&#8243; fullwidth=\u00bbon\u00bb _builder_version=\u00bb3.18.9&#8243;][et_pb_fullwidth_image src=\u00bbhttps:\/\/venturasmart.com\/mejiaesquives\/wp-content\/uploads\/2020\/01\/servicios_1000x400_slogan.png\u00bb _builder_version=\u00bb3.18.9&#8243;][\/et_pb_fullwidth_image][\/et_pb_section][et_pb_section fb_built=\u00bb1&#8243; _builder_version=\u00bb3.18.9&#8243;][et_pb_row _builder_version=\u00bb3.18.9&#8243;][et_pb_column type=\u00bb1_3&#8243; _builder_version=\u00bb3.18.9&#8243; parallax=\u00bboff\u00bb parallax_method=\u00bbon\u00bb][et_pb_text _builder_version=\u00bb3.18.9&#8243;] Auditor\u00eda Auditor\u00eda Financiera Auditor\u00eda de Gesti\u00f3n Ex\u00e1menes especiales [\/et_pb_text][\/et_pb_column][et_pb_column type=\u00bb1_3&#8243; _builder_version=\u00bb3.18.9&#8243; parallax=\u00bboff\u00bb parallax_method=\u00bbon\u00bb][et_pb_text _builder_version=\u00bb3.18.9&#8243;] Consultor\u00eda Estrategia de financiamiento de corto, mediano y largo plazo Estudios de costos y estrategias de reducci\u00f3n de costos Valoraci\u00f3n de empresas Estrategia y operaciones Consultor\u00eda contable [&hellip;]<\/p>\n","protected":false},"author":1,"featured_media":0,"parent":0,"menu_order":0,"comment_status":"closed","ping_status":"closed","template":"","meta":{"_et_pb_use_builder":"on","_et_pb_old_content":"","footnotes":""},"class_list":["post-79","page","type-page","status-publish","hentry"],"_links":{"self":[{"href":"https:\/\/venturasmart.com\/mejiaesquives\/wp-json\/wp\/v2\/pages\/79","targetHints":{"allow":["GET"]}}],"collection":[{"href":"https:\/\/venturasmart.com\/mejiaesquives\/wp-json\/wp\/v2\/pages"}],"about":[{"href":"https:\/\/venturasmart.com\/mejiaesquives\/wp-json\/wp\/v2\/types\/page"}],"author":[{"embeddable":true,"href":"https:\/\/venturasmart.com\/mejiaesquives\/wp-json\/wp\/v2\/users\/1"}],"replies":[{"embeddable":true,"href":"https:\/\/venturasmart.com\/mejiaesquives\/wp-json\/wp\/v2\/comments?post=79"}],"version-history":[{"count":4,"href":"https:\/\/venturasmart.com\/mejiaesquives\/wp-json\/wp\/v2\/pages\/79\/revisions"}],"predecessor-version":[{"id":96,"href":"https:\/\/venturasmart.com\/mejiaesquives\/wp-json\/wp\/v2\/pages\/79\/revisions\/96"}],"wp:attachment":[{"href":"https:\/\/venturasmart.com\/mejiaesquives\/wp-json\/wp\/v2\/media?parent=79"}],"curies":[{"name":"wp","href":"https:\/\/api.w.org\/{rel}","templated":true}]}}