{"id":102,"date":"2020-01-11T18:16:02","date_gmt":"2020-01-11T18:16:02","guid":{"rendered":"https:\/\/venturasmart.com\/mejiaesquives\/?page_id=102"},"modified":"2020-01-11T18:27:49","modified_gmt":"2020-01-11T18:27:49","slug":"asesoria","status":"publish","type":"page","link":"https:\/\/venturasmart.com\/mejiaesquives\/asesoria\/","title":{"rendered":"Asesor\u00eda"},"content":{"rendered":"<p>[et_pb_section fb_built=\u00bb1&#8243; fullwidth=\u00bbon\u00bb _builder_version=\u00bb3.18.9&#8243;][et_pb_fullwidth_image src=\u00bbhttps:\/\/venturasmart.com\/mejiaesquives\/wp-content\/uploads\/2020\/01\/servicios_1000x400_slogan.png\u00bb _builder_version=\u00bb3.18.9&#8243;][\/et_pb_fullwidth_image][\/et_pb_section][et_pb_section fb_built=\u00bb1&#8243; _builder_version=\u00bb3.18.9&#8243;][et_pb_row _builder_version=\u00bb3.18.9&#8243;][et_pb_column type=\u00bb1_2&#8243; _builder_version=\u00bb3.18.9&#8243; parallax=\u00bboff\u00bb parallax_method=\u00bbon\u00bb][et_pb_text text_font_size=\u00bb16px\u00bb _builder_version=\u00bb3.18.9&#8243; text_font=\u00bb|600|||||||\u00bb]<\/p>\n<h2><strong>Asesor\u00eda<\/strong><\/h2>\n<p style=\"text-align: justify;\">\n<p style=\"text-align: justify;\">Este servicio se lleva a cabo mediante el trabajo de nuestros profesionales que conforman un equipo multidisciplinario, para ayudar a solucionar las diferentes situaciones econ\u00f3micas y financieras vinculadas a la actividad de la empresa.<\/p>\n<p style=\"text-align: justify;\">La asesor\u00eda est\u00e1 orientada a brindar asistencia profesional eventual y\/o permanente en las \u00e1reas contable, financiero, econ\u00f3mico y tributario.<\/p>\n<p>[\/et_pb_text][\/et_pb_column][et_pb_column type=\u00bb1_2&#8243; _builder_version=\u00bb3.18.9&#8243; parallax=\u00bboff\u00bb parallax_method=\u00bbon\u00bb][et_pb_image src=\u00bbhttps:\/\/venturasmart.com\/mejiaesquives\/wp-content\/uploads\/2020\/01\/consultoria_450.png\u00bb _builder_version=\u00bb3.18.9&#8243;][\/et_pb_image][\/et_pb_column][\/et_pb_row][\/et_pb_section]<\/p>\n","protected":false},"excerpt":{"rendered":"<p>[et_pb_section fb_built=\u00bb1&#8243; fullwidth=\u00bbon\u00bb _builder_version=\u00bb3.18.9&#8243;][et_pb_fullwidth_image src=\u00bbhttps:\/\/venturasmart.com\/mejiaesquives\/wp-content\/uploads\/2020\/01\/servicios_1000x400_slogan.png\u00bb _builder_version=\u00bb3.18.9&#8243;][\/et_pb_fullwidth_image][\/et_pb_section][et_pb_section fb_built=\u00bb1&#8243; _builder_version=\u00bb3.18.9&#8243;][et_pb_row _builder_version=\u00bb3.18.9&#8243;][et_pb_column type=\u00bb1_2&#8243; _builder_version=\u00bb3.18.9&#8243; parallax=\u00bboff\u00bb parallax_method=\u00bbon\u00bb][et_pb_text text_font_size=\u00bb16px\u00bb _builder_version=\u00bb3.18.9&#8243; text_font=\u00bb|600|||||||\u00bb] Asesor\u00eda Este servicio se lleva a cabo mediante el trabajo de nuestros profesionales que conforman un equipo multidisciplinario, para ayudar a solucionar las diferentes situaciones econ\u00f3micas y financieras vinculadas a la actividad de la empresa. La asesor\u00eda est\u00e1 orientada [&hellip;]<\/p>\n","protected":false},"author":1,"featured_media":0,"parent":0,"menu_order":0,"comment_status":"closed","ping_status":"closed","template":"","meta":{"_et_pb_use_builder":"on","_et_pb_old_content":"","footnotes":""},"class_list":["post-102","page","type-page","status-publish","hentry"],"_links":{"self":[{"href":"https:\/\/venturasmart.com\/mejiaesquives\/wp-json\/wp\/v2\/pages\/102","targetHints":{"allow":["GET"]}}],"collection":[{"href":"https:\/\/venturasmart.com\/mejiaesquives\/wp-json\/wp\/v2\/pages"}],"about":[{"href":"https:\/\/venturasmart.com\/mejiaesquives\/wp-json\/wp\/v2\/types\/page"}],"author":[{"embeddable":true,"href":"https:\/\/venturasmart.com\/mejiaesquives\/wp-json\/wp\/v2\/users\/1"}],"replies":[{"embeddable":true,"href":"https:\/\/venturasmart.com\/mejiaesquives\/wp-json\/wp\/v2\/comments?post=102"}],"version-history":[{"count":4,"href":"https:\/\/venturasmart.com\/mejiaesquives\/wp-json\/wp\/v2\/pages\/102\/revisions"}],"predecessor-version":[{"id":117,"href":"https:\/\/venturasmart.com\/mejiaesquives\/wp-json\/wp\/v2\/pages\/102\/revisions\/117"}],"wp:attachment":[{"href":"https:\/\/venturasmart.com\/mejiaesquives\/wp-json\/wp\/v2\/media?parent=102"}],"curies":[{"name":"wp","href":"https:\/\/api.w.org\/{rel}","templated":true}]}}